{"id":3483,"date":"2022-12-01T12:50:34","date_gmt":"2022-12-01T12:50:34","guid":{"rendered":"https:\/\/villarosalva.com\/impressum"},"modified":"2026-01-14T11:54:29","modified_gmt":"2026-01-14T11:54:29","slug":"impressum","status":"publish","type":"page","link":"https:\/\/villarosalva.com\/es\/impressum","title":{"rendered":"Aviso Legal"},"content":{"rendered":"<p><strong>Aviso Legal<\/strong><br \/>\nEn cumplimiento con el deber de informaci\u00f3n recogido en el art\u00edculo 10 de la Ley 34\/2002, de 11 de julio, de Servicios de la Sociedad de la Informaci\u00f3n y del Comercio Electr\u00f3nico, se informa que el sitio web villarosalva.com es titularidad de:<\/p>\n<p><strong>Ursula Heimerdinger<\/strong><br \/>\noperando bajo la denominaci\u00f3n de Villa Rosalva<\/p>\n<p><strong>Domicilio:<\/strong> Carretera Las Dehesas 37, Camino de los Perez, 38400 Puerto de la Cruz, Tenerife \/ Espa\u00f1a<br \/>\n<strong>NIF\/NIE: <\/strong>ESX-3358898-R<br \/>\n<strong>M\u00f3vil: <\/strong><a href=\"tel:+34922373709\">(+34) 922 37 37 09<\/a><br \/>\n<strong>Correo Electr\u00f3nico:<\/strong><a href=\"mailto:villlarosalva@villarosalva.com\"> villlarosalva@villarosalva.com<\/a><\/p>\n<p><strong>Actividad: <\/strong>Viviendas Vacacionales.<\/p>\n","protected":false},"excerpt":{"rendered":"<p>Aviso Legal En cumplimiento con el deber de informaci\u00f3n recogido en el art\u00edculo 10 de la Ley 34\/2002, de 11 de julio, de Servicios de la Sociedad de la Informaci\u00f3n y del Comercio Electr\u00f3nico, se informa que el sitio web villarosalva.com es titularidad de: Ursula Heimerdinger operando bajo la denominaci\u00f3n de Villa Rosalva Domicilio: Carretera [&hellip;]<\/p>\n","protected":false},"author":2,"featured_media":1889,"parent":0,"menu_order":0,"comment_status":"closed","ping_status":"closed","template":"","meta":{"_seopress_robots_primary_cat":"","_seopress_titles_title":"","_seopress_titles_desc":"","_seopress_robots_index":"","footnotes":""},"class_list":["post-3483","page","type-page","status-publish","has-post-thumbnail","hentry"],"_links":{"self":[{"href":"https:\/\/villarosalva.com\/es\/wp-json\/wp\/v2\/pages\/3483","targetHints":{"allow":["GET"]}}],"collection":[{"href":"https:\/\/villarosalva.com\/es\/wp-json\/wp\/v2\/pages"}],"about":[{"href":"https:\/\/villarosalva.com\/es\/wp-json\/wp\/v2\/types\/page"}],"author":[{"embeddable":true,"href":"https:\/\/villarosalva.com\/es\/wp-json\/wp\/v2\/users\/2"}],"replies":[{"embeddable":true,"href":"https:\/\/villarosalva.com\/es\/wp-json\/wp\/v2\/comments?post=3483"}],"version-history":[{"count":2,"href":"https:\/\/villarosalva.com\/es\/wp-json\/wp\/v2\/pages\/3483\/revisions"}],"predecessor-version":[{"id":6667,"href":"https:\/\/villarosalva.com\/es\/wp-json\/wp\/v2\/pages\/3483\/revisions\/6667"}],"wp:featuredmedia":[{"embeddable":true,"href":"https:\/\/villarosalva.com\/es\/wp-json\/wp\/v2\/media\/1889"}],"wp:attachment":[{"href":"https:\/\/villarosalva.com\/es\/wp-json\/wp\/v2\/media?parent=3483"}],"curies":[{"name":"wp","href":"https:\/\/api.w.org\/{rel}","templated":true}]}}