{"id":3481,"date":"2022-12-01T12:50:48","date_gmt":"2022-12-01T12:50:48","guid":{"rendered":"https:\/\/villarosalva.com\/datenschutz"},"modified":"2022-12-01T12:50:48","modified_gmt":"2022-12-01T12:50:48","slug":"datenschutz","status":"publish","type":"page","link":"https:\/\/villarosalva.com\/es\/datenschutz","title":{"rendered":"Datenschutz"},"content":{"rendered":"<p>Diese Datenschutzerkl\u00e4rung kl\u00e4rt Sie \u00fcber die Art, den Umfang und Zweck der Verarbeitung von personenbezogenen Daten (nachfolgend kurz \u201eDaten\u201c) innerhalb unserer Webseite sowie externen Onlinepr\u00e4senzen, wie z.B. unser Social Media Profile auf (nachfolgend\u00a0 \u201eOnlineangebot\u201c). Die verwendeten Begrifflichkeiten, wie z.B. \u201eVerarbeitung\u201c oder \u201eVerantwortlicher\u201c sind entsprechend des Art. 4 Datenschutzgrundverordnung (kurz DSGVO) zu betrachten und werden nachfolgend definiert.<\/p>\n<p>&nbsp;<\/p>\n<p><strong>Verantwortlicher<\/strong><\/p>\n<p>Ursula H\u00f6hn<\/p>\n<p>Carretera Las Dehesas 37<br \/>\nCamino de los Perez<br \/>\n38400 Puerto de la Cruz<br \/>\nTeneriffa\/Spanien<\/p>\n<p>Impressum: https:\/\/villarosalva.com\/impressum<\/p>\n<p><strong>Verwendete Begrifflichkeiten<\/strong><\/p>\n<p>\u201ePersonenbezogene Daten\u201c sind alle Informationen, die sich auf eine identifizierte oder identifizierbare nat\u00fcrliche Person (im Folgenden \u201ebetroffene Person\u201c) beziehen; als identifizierbar wird eine nat\u00fcrliche Person angesehen, die direkt oder indirekt, insbesondere mittels Zuordnung zu einer Kennung wie einem Namen, zu einer Kennnummer, zu Standortdaten, zu einer Online-Kennung oder zu einem oder mehreren besonderen Merkmalen identifiziert werden kann, die Ausdruck der physischen, physiologischen, genetischen, psychischen, wirtschaftlichen, kulturellen oder sozialen Identit\u00e4t dieser nat\u00fcrlichen Person sind (entsprechend Art. 4 Nr.1 DSGVO).<\/p>\n<p>\u201eVerarbeitung\u201c ist jeder mit oder ohne Hilfe automatisierter Verfahren ausgef\u00fchrten Vorgang oder jede solche Vorgangsreihe im Zusammenhang mit personenbezogenen Daten. Der Begriff reicht weit und umfasst praktisch jeden Umgang mit Daten (entsprechend Art. 4 Nr.2 DSGVO)<\/p>\n<p>Als \u201eVerantwortlicher\u201c wird die nat\u00fcrliche oder juristische Person, Beh\u00f6rde, Einrichtung oder Stelle, die allein oder gemeinsam mit anderen \u00fcber die Zwecke und Mittel der Verarbeitung von personenbezogene Daten entscheidet, genannt (Art. 4 Nr. 7 DSGVO).<\/p>\n<p><strong>Rechtsgrundlage<\/strong><\/p>\n<p>Wir verarbeiten personenbezogene Daten der Nutzer nur unter Einhaltung der einschl\u00e4gigen Datenschutzbestimmungen. Das bedeutet, die Daten der Nutzer werden nur bei Vorliegen einer gesetzlichen Erlaubnis verarbeitet. D.h., insbesondere wenn die Datenverarbeitung zur Erbringung unserer vertraglichen Leistungen (z.B. Bearbeitung von Auftr\u00e4gen) sowie Online-Services erforderlich, bzw. gesetzlich vorgeschrieben ist, eine Einwilligung der Nutzer vorliegt, als auch aufgrund unserer berechtigten Interessen (d.h. Interesse an der Analyse, Optimierung und wirtschaftlichem Betrieb und Sicherheit unseres Onlineangebotes im Sinne des Art. 6 Abs. 1 lit. f. DSGVO, insbesondere bei der Reichweitenmessung, Erstellung von Profilen zu Werbe- und Marketingzwecken sowie Erhebung von Zugriffsdaten und Einsatz der Dienste von Drittanbietern.<\/p>\n<p>Wir weisen darauf hin, dass die Rechtsgrundlage der Einwilligungen Art. 6 Abs. 1 lit. a. und Art. 7 DSGVO, die Rechtsgrundlage f\u00fcr die Verarbeitung zur Erf\u00fcllung unserer Leistungen und Durchf\u00fchrung vertraglicher Ma\u00dfnahmen Art. 6 Abs. 1 lit. b. DSGVO, die Rechtsgrundlage f\u00fcr die Verarbeitung zur Erf\u00fcllung unserer rechtlichen Verpflichtungen Art. 6 Abs. 1 lit. c. DSGVO, und die Rechtsgrundlage f\u00fcr die Verarbeitung zur Wahrung unserer berechtigten Interessen Art. 6 Abs. 1 lit. f. DSGVO ist.<\/p>\n<p><strong>Rechte der betroffenen Personen<\/strong><\/p>\n<p>Sie haben folgende Rechte entsprechend der Datenschutzgrundverordnung:<\/p>\n<p>\u2013 Auskunftsrecht, d.h. das Recht auf Auskunft, ob und welche Daten von Ihnen verarbeitet werden sowie auf weitere Informationen (bspw. Verarbeitungszweck) und die Anforderung einer Kopie Ihrer Daten gem\u00e4\u00df Art. 15 DSGVO<\/p>\n<p>\u2013 Recht auf Berichtigung und Vervollst\u00e4ndigung sie betreffender Daten gem\u00e4\u00df Art. 16 DSGVO.<\/p>\n<p>\u2013 Recht auf L\u00f6schung, d.h. das Sie betreffende Daten unverz\u00fcglich gel\u00f6scht, sofern dem keinerlei anderweitige gesetzliche Verpflichtungen des Verantwortlichen entgegenstehen gem\u00e4\u00df Art. 17 DSGVO.<\/p>\n<p>\u2013 Recht auf Einschr\u00e4nkung der Verarbeitung sofern die im Art.18 Abs.1 DSGVO festgelegten Voraussetzungen erf\u00fcllt sind.<\/p>\n<p>\u2013 Recht auf Daten\u00fcbertragbarkeit, d.h. Sie haben das Recht, die sie betreffenden personenbezogenen Daten zu erhalten und\/oder deren \u00dcbermittlung an andere Verantwortliche zu fordern gem\u00e4\u00df Art. 20 DSGVO<\/p>\n<p>Beschwerderecht bei der zust\u00e4ndigen Aufsichtsbeh\u00f6rde gem\u00e4\u00df Art. 77 DSGVO<\/p>\n<p><strong>Widerrufs- und Widerspruchsrecht<\/strong><\/p>\n<p>Sie haben das Recht, erteilte Einwilligungen mit Wirkung f\u00fcr die Zukunft zu widerrufen. Der Widerruf der Einwilligung beeintr\u00e4chtigt nicht die Rechtm\u00e4\u00dfigkeit der bereits erfolgten Verarbeitung (gem\u00e4\u00df Art. 7 Abs. 3 DSGVO).<\/p>\n<p>Sie k\u00f6nnen der k\u00fcnftigen Verarbeitung der Sie betreffenden Daten nach den Anforderungen des Art. 21 DSGVO jederzeit widersprechen.<\/p>\n<p><strong>L\u00f6schung von Daten\u00a0<\/strong><\/p>\n<p>Die von uns verarbeiteten Daten werden entsprechend der Art. 17 und 18 DSGVO gel\u00f6scht oder in ihrer Verarbeitung eingeschr\u00e4nkt. Falls in dieser Datenschutzerkl\u00e4rung keine anderweitigen Angaben gemacht werden, werden die bei uns gespeicherten Daten gel\u00f6scht, sobald sie zur Erf\u00fcllung des Zwecks nicht mehr erforderlich sind und der L\u00f6schung keine gesetzlichen Aufbewahrungspflichten entgegenstehen. Sofern die Daten nicht gel\u00f6scht werden, weil sie f\u00fcr andere und gesetzlich zul\u00e4ssige Zwecke erforderlich sind, wird deren Verarbeitung eingeschr\u00e4nkt. Das gilt z.B. f\u00fcr Daten, die aus handels- oder steuerrechtlichen Gr\u00fcnden aufbewahrt werden m\u00fcssen.<\/p>\n<p><strong>Verarbeitete Datenarten, Kategorien betroffener Personen und Verarbeitungszweck<\/strong><\/p>\n<p>Auf dieser Webseite werden folgende Datenarten verarbeitet:<\/p>\n<p>\u2013 Bestandsdaten (z.B., Namen, Adressen)<\/p>\n<p>\u2013 Kontaktdaten (z.B., E-Mail, Telefonnummern)<\/p>\n<p>\u2013 Inhaltsdaten (z.B., Texteingaben, Fotografien, Videos)<\/p>\n<p>\u2013 Nutzungsdaten (z.B., besuchte Webseiten, Interesse an Inhalten, Zugriffszeiten)<\/p>\n<p>\u2013 Meta-\/Kommunikationsdaten (z.B., Ger\u00e4te-Informationen, IP-Adressen)<\/p>\n<p>Betroffen von der Verarbeitung der Daten sind Besucher und Nutzer des Onlineangebotes. Der Zweck der Verarbeitung ist zum einen die Zurverf\u00fcgungstellung des Onlineangebotes, inklusive der Funktionen und Inhalte. Au\u00dferdem soll die Kommunikation mit Nutzern und Beantwortung von Kontaktanfragen erm\u00f6glicht werden. Ein weiterer Verarbeitungszweck ist die Reichweitenmessung sowie die\u00a0 Verarbeitung zu Marketingzwecken.<\/p>\n<p><strong>Zusammenarbeit mit Auftragsverarbeitern und Dritten<\/strong><\/p>\n<p>Sofern wir im Rahmen unserer Verarbeitung Daten gegen\u00fcber anderen Personen und Unternehmen (Auftragsverarbeitern oder Dritten) offenlegen, \u00fcbermitteln oder ihnen sonst Zugriff auf die Daten gew\u00e4hren, erfolgt dies ausschlie\u00dflich auf der Basis einer gesetzlichen Erlaubnisnorm (z.B. wenn eine \u00dcbermittlung an Zahlungsdienstleister stattfindet (ist zur Vertragserf\u00fcllung erforderlich) oder bspw. beim Einsatz von Webhostern (auf Grundlage unserer berechtigten Interessen)).<\/p>\n<p>Falls Dritte mit einer Datenverarbeitung beauftragt werden, erfolgt dies immer auf der Grundlage eines sog. Auftragsverarbeitungsvertrages gem\u00e4\u00df Art. 28 DSGVO.<\/p>\n<p><strong>Cookies und Widerspruchsrecht bei Direktwerbung<\/strong><\/p>\n<p>Cookies sind Informationen, die von unserem Webservern oder Webservern Dritter an die Web-Browser der Nutzer \u00fcbertragen und dort f\u00fcr einen sp\u00e4teren Abruf gespeichert werden. Bei Cookies kann es sich um kleine Dateien oder sonstige Arten der Informationsspeicherung handeln. Wir verwenden \u201eSession-Cookies\u201c, die nur f\u00fcr die Zeitdauer des aktuellen Besuchs auf unserer Onlinepr\u00e4senz abgelegt werden (z.B. um die Speicherung Ihres Login Status oder die Warenkorbfunktion und somit die Nutzung unseres Onlineangebotes \u00fcberhaupt erm\u00f6glichen zu k\u00f6nnen). In einem Session-Cookie wird eine zuf\u00e4llig erzeugte eindeutige Identifikationsnummer abgelegt, eine sogenannte Session-ID. Au\u00dferdem enth\u00e4lt ein Cookie die Angabe \u00fcber seine Herkunft und die Speicherfrist. Diese Cookies k\u00f6nnen keine anderen Daten speichern. Session-Cookies werden gel\u00f6scht, wenn Sie die Nutzung unseres Onlineangebotes beendet haben und sich z.B. ausloggen oder den Browser schlie\u00dfen.<\/p>\n<p>\u00dcber den Einsatz von Cookies im Rahmen pseudonymer Reichweitenmessung werden die Nutzer im Rahmen dieser Datenschutzerkl\u00e4rung informiert. Falls die Nutzer nicht m\u00f6chten, dass Cookies auf ihrem Rechner gespeichert werden, werden sie gebeten die entsprechende Option in den Systemeinstellungen ihres Browsers zu deaktivieren. Gespeicherte Cookies k\u00f6nnen in den Systemeinstellungen des Browsers gel\u00f6scht werden. Der Ausschluss von Cookies kann zu Funktionseinschr\u00e4nkungen dieses Onlineangebotes f\u00fchren.<\/p>\n<p><strong>Hosting<\/strong><\/p>\n<p>Die von uns in Anspruch genommenen Hosting-Leistungen dienen der Zurverf\u00fcgungstellung der folgenden Leistungen: Infrastruktur- und Plattformdienstleistungen, Rechenkapazit\u00e4t, Speicherplatz und Datenbankdienste, Sicherheitsleistungen sowie Technische Wartungsleistungen, die wir zum Zwecke des Betriebs dieses Onlineangebotes einsetzen.<\/p>\n<p>Dabei werden von uns bzw. unseren Hostinganbieter Bestandsdaten, Kontaktdaten, Inhaltsdaten, Nutzungsdaten, Meta- und Kommunikationsdaten von Kunden, Interessenten und Besuchern dieses Onlineangebotes auf Grundlage unserer berechtigten Interessen an einer effizienten und sicheren Zurverf\u00fcgungstellung dieses Onlineangebotes verarbeitet gem. Art. 6 Abs. 1 lit. f DSGVO i.V.m. Art. 28 DSGVO (Abschluss Auftragsverarbeitungsvertrag).<\/p>\n<p><strong>Erhebung von Zugriffsdaten und Logfiles<\/strong><\/p>\n<p>Wir, bzw. unser Hostinganbieter, erhebt auf Grundlage unserer berechtigten Interessen im Sinne des Art. 6 Abs. 1 lit. f. DSGVO Daten \u00fcber jeden Zugriff auf den Server, auf dem sich dieser Dienst befindet (sogenannte Serverlogfiles). Zu den Zugriffsdaten geh\u00f6ren Name der abgerufenen Webseite, Datei, Datum und Uhrzeit des Abrufs, \u00fcbertragene Datenmenge, Meldung \u00fcber erfolgreichen Abruf, Browsertyp nebst Version, das Betriebssystem des Nutzers, Referrer URL (die zuvor besuchte Seite), IP-Adresse und der anfragende Provider.<\/p>\n<p>Logfile-Informationen werden aus Sicherheitsgr\u00fcnden (z.B. zur Aufkl\u00e4rung von Missbrauchs- oder Betrugshandlungen) f\u00fcr die Dauer von maximal 7 Tagen gespeichert und danach gel\u00f6scht. Daten, deren weitere Aufbewahrung zu Beweiszwecken erforderlich ist, sind bis zur endg\u00fcltigen Kl\u00e4rung des jeweiligen Vorfalls von der L\u00f6schung ausgenommen.<\/p>\n<p><strong>Erbringung vertraglicher Leistungen<\/strong><\/p>\n<p>Zur Erf\u00fcllung unserer vertraglichen Verpflichtungen und Serviceleistungen verarbeiten wir die o.g. Datenkategorien gem. Art. 6 Abs. 1 lit b. DSGVO.<\/p>\n<p>Nutzer k\u00f6nnen optional ein Nutzerkonto anlegen, indem sie insbesondere ihre Bestellungen einsehen k\u00f6nnen. Im Rahmen der Registrierung, werden die erforderlichen Pflichtangaben den Nutzern mitgeteilt. Die Nutzerkonten sind nicht \u00f6ffentlich und k\u00f6nnen von Suchmaschinen nicht indexiert werden. Wenn Nutzer ihr Nutzerkonto gek\u00fcndigt haben, werden deren Daten im Hinblick auf das Nutzerkonto gel\u00f6scht, vorbehaltlich deren Aufbewahrung ist aus handels- oder steuerrechtlichen Gr\u00fcnden entsprechend Art. 6 Abs. 1 lit. c DSGVO notwendig. Es obliegt den Nutzern, ihre Daten bei erfolgter K\u00fcndigung vor dem Vertragsende zu sichern. Wir sind berechtigt, s\u00e4mtliche w\u00e4hrend der Vertragsdauer gespeicherten Daten des Nutzers unwiederbringlich zu l\u00f6schen.<\/p>\n<p>Im Rahmen der Registrierung und erneuter Anmeldungen sowie Inanspruchnahme unseres Onlineangebots, speichern wird die IP-Adresse und den Zeitpunkt der jeweiligen Nutzerhandlung. Die Speicherung erfolgt auf Grundlage unserer berechtigten Interessen, als auch der Nutzer an Schutz vor Missbrauch und sonstiger unbefugter Nutzung. Eine Weitergabe dieser Daten an Dritte erfolgt grunds\u00e4tzlich nicht, au\u00dfer sie ist zur Verfolgung unserer Anspr\u00fcche erforderlich oder es besteht hierzu besteht eine gesetzliche Verpflichtung gem. Art. 6 Abs. 1 lit. c DSGVO.<\/p>\n<p>Wir verarbeiten Nutzungsdaten (z.B., die besuchten Webseiten unseres Onlineangebotes, Interesse an unseren Produkten) und Inhaltsdaten (z.B., Eingaben im Kontaktformular oder Nutzerprofil) f\u00fcr Werbezwecke in einem Nutzerprofil, um den Nutzer z.B. Produkthinweise ausgehend von ihren bisher in Anspruch genommenen Leistungen einzublenden.<\/p>\n<p><strong>Google Analytics<\/strong><\/p>\n<p>Wir setzen auf Grundlage unserer berechtigten Interessen (d.h. Interesse an der Analyse, Optimierung und wirtschaftlichem Betrieb unseres Onlineangebotes im Sinne des Art. 6 Abs. 1 lit. f. DSGVO) Google Analytics, einen Webanalysedienst der Google Inc. (\u201eGoogle\u201c) ein. Google verwendet Cookies. Die durch das Cookie erzeugten Informationen \u00fcber Benutzung des Onlineangebotes durch die Nutzer werden in der Regel an einen Server von Google in den USA \u00fcbertragen und dort gespeichert.<\/p>\n<p>Google ist unter dem Privacy-Shield Abkommen zertifiziert und bietet hierdurch eine Garantie, das europ\u00e4ische Datenschutzrecht einzuhalten (https:\/\/www.privacyshield.gov\/participa t id=a2zt000000001L5AAI&amp;status=Active) Google wird diese Informationen in unserem Auftrag benutzen, um die Nutzung unseres Onlineangebotes durch die Nutzer auszuwerten, um Reports \u00fcber die Aktivit\u00e4ten innerhalb dieses Onlineangebotes zusammenzustellen und um weitere, mit der Nutzung dieses Onlineangebotes und der Internetnutzung verbundene Dienstleistungen, uns gegen\u00fcber zu erbringen. Dabei k\u00f6nnen aus den verarbeiteten Daten pseudonyme Nutzungsprofile der Nutzer erstellt werden.<\/p>\n<p>Wir setzen Google Analytics ein, um die durch innerhalb von Werbediensten Googles und seiner Partner geschalteten Anzeigen, nur solchen Nutzern anzuzeigen, die auch ein Interesse an unserem Onlineangebot gezeigt haben oder die bestimmte Merkmale (z.B. Interessen an bestimmten Themen oder Produkten, die anhand der besuchten Webseiten bestimmt werden) aufweisen, die wir an Google \u00fcbermitteln (sog. \u201eRemarketing-\u201c, bzw. \u201eGoogle-Analytics-Audiences\u201c). Mit Hilfe der Remarketing Audiences m\u00f6chten wir auch sicherstellen, dass unsere Anzeigen dem potentiellen Interesse der Nutzer entsprechen und nicht bel\u00e4stigend wirken.<\/p>\n<p>Wir setzen Google Analytics nur mit aktivierter IP-Anonymisierung ein. Das bedeutet, die IP-Adresse der Nutzer wird von Google innerhalb von Mitgliedstaaten der Europ\u00e4ischen Union oder in anderen Vertragsstaaten des Abkommens \u00fcber den Europ\u00e4ischen Wirtschaftsraum gek\u00fcrzt. Nur in Ausnahmef\u00e4llen wird die volle IP Adresse an einen Server von Google in den USA \u00fcbertragen und dort gek\u00fcrzt.<\/p>\n<p>Die von dem Browser des Nutzers \u00fcbermittelte IP-Adresse wird nicht mit anderen Daten von Google zusammengef\u00fchrt. Die Nutzer k\u00f6nnen die Speicherung der Cookies durch eine entsprechende Einstellung ihrer Browser Software verhindern; die Nutzer k\u00f6nnen dar\u00fcber hinaus die Erfassung der durch das Cookie erzeugten und auf ihre Nutzung des Onlineangebotes bezogenen Daten an Google sowie die Verarbeitung dieser Daten durch Google verhindern, indem sie das unter folgendem Link verf\u00fcgbare Browser Plugin herunterladen und installieren:\u00a0<a href=\"http:\/\/tools.google.com\/dlpage\/gaoptout\">http:\/\/tools.google.com\/dlpage\/gaoptouthl=de<\/a>.<\/p>\n<p>Weitere Informationen zur Datennutzung durch Google, Einstellungs- und Widerspruchsm\u00f6glichkeiten erfahren Sie auf den Webseiten von Google:\u00a0<a href=\"https:\/\/www.google.com\/intl\/de\/policies\">https:\/\/www.google.com\/intl\/de\/policies\/privacy\/partners<\/a>\u00a0(\u201eDatennutzung durch Google bei Ihrer Nutzung von Websites oder Apps unserer Partner\u201c),\u00a0<a href=\"http:\/\/www.google.com\/policies\/technolo\">http:\/\/www.google.com\/policies\/technolies\/ads<\/a>\u00a0(\u201eDatennutzung zu Werbezwecken\u201c),\u00a0<a href=\"http:\/\/www.google.de\/settings\/ads\">http:\/\/www.google.de\/settings\/ads<\/a>\u00a0(\u201eInformationen verwalten, die Google verwendet, um Ihnen Werbung einzublenden\u201c).<\/p>\n<p><strong>Onlinepr\u00e4senzen in sozialen Medien<\/strong><\/p>\n<p>Wir unterhalten Onlinepr\u00e4senzen innerhalb sozialer Netzwerke und Plattformen, um mit den dort aktiven Kunden, Interessenten und Nutzern kommunizieren und sie dort \u00fcber unsere Leistungen informieren zu k\u00f6nnen. Beim Aufruf der jeweiligen Netzwerke und Plattformen gelten die Gesch\u00e4ftsbedingungen und die Datenverarbeitungsrichtlinien deren jeweiligen Betreiber. Soweit nicht anders im Rahmen unserer Datenschutzerkl\u00e4rung angegeben, verarbeiten wird die Daten der Nutzer sofern diese mit uns innerhalb der sozialen Netzwerke und Plattformen kommunizieren, z.B. Beitr\u00e4ge auf unseren Onlinepr\u00e4senzen verfassen oder uns Nachrichten zusenden.<\/p>\n<p><strong>\u00c4nderungen der Datenschutzerkl\u00e4rung<\/strong><\/p>\n<p>Wir behalten uns vor, die Datenschutzerkl\u00e4rung zu \u00e4ndern, um sie an ge\u00e4nderte Rechtslagen, oder bei \u00c4nderungen des Dienstes sowie der Datenverarbeitung anzupassen. Dies gilt jedoch nur im Hinblick auf Erkl\u00e4rungen zur Datenverarbeitung. Sofern Einwilligungen der Nutzer erforderlich sind oder Bestandteile der Datenschutzerkl\u00e4rung Regelungen des Vertragsverh\u00e4ltnisses mit den Nutzern enthalten, erfolgen die \u00c4nderungen nur mit Zustimmung der Nutzer.<\/p>\n<p>Die Nutzer werden gebeten sich regelm\u00e4\u00dfig \u00fcber den Inhalt der Datenschutzerkl\u00e4rung zu informieren.<\/p>\n","protected":false},"excerpt":{"rendered":"<p>Diese Datenschutzerkl\u00e4rung kl\u00e4rt Sie \u00fcber die Art, den Umfang und Zweck der Verarbeitung von personenbezogenen Daten (nachfolgend kurz \u201eDaten\u201c) innerhalb unserer Webseite sowie externen Onlinepr\u00e4senzen, wie z.B. unser Social Media Profile auf (nachfolgend\u00a0 \u201eOnlineangebot\u201c). Die verwendeten Begrifflichkeiten, wie z.B. \u201eVerarbeitung\u201c oder \u201eVerantwortlicher\u201c sind entsprechend des Art. 4 Datenschutzgrundverordnung (kurz DSGVO) zu betrachten und werden nachfolgend [&hellip;]<\/p>\n","protected":false},"author":2,"featured_media":0,"parent":0,"menu_order":0,"comment_status":"closed","ping_status":"closed","template":"","meta":{"_seopress_robots_primary_cat":"","_seopress_titles_title":"","_seopress_titles_desc":"","_seopress_robots_index":"","footnotes":""},"class_list":["post-3481","page","type-page","status-publish","hentry"],"_links":{"self":[{"href":"https:\/\/villarosalva.com\/es\/wp-json\/wp\/v2\/pages\/3481","targetHints":{"allow":["GET"]}}],"collection":[{"href":"https:\/\/villarosalva.com\/es\/wp-json\/wp\/v2\/pages"}],"about":[{"href":"https:\/\/villarosalva.com\/es\/wp-json\/wp\/v2\/types\/page"}],"author":[{"embeddable":true,"href":"https:\/\/villarosalva.com\/es\/wp-json\/wp\/v2\/users\/2"}],"replies":[{"embeddable":true,"href":"https:\/\/villarosalva.com\/es\/wp-json\/wp\/v2\/comments?post=3481"}],"version-history":[{"count":0,"href":"https:\/\/villarosalva.com\/es\/wp-json\/wp\/v2\/pages\/3481\/revisions"}],"wp:attachment":[{"href":"https:\/\/villarosalva.com\/es\/wp-json\/wp\/v2\/media?parent=3481"}],"curies":[{"name":"wp","href":"https:\/\/api.w.org\/{rel}","templated":true}]}}